{"id":740,"date":"2018-08-31T12:33:09","date_gmt":"2018-08-31T15:33:09","guid":{"rendered":"https:\/\/isfdsrosa-lpa.infd.edu.ar\/sitio\/profesorado-de-educacion-primaria\/"},"modified":"2025-11-13T20:46:18","modified_gmt":"2025-11-13T23:46:18","slug":"profesorado-de-educacion-primaria","status":"publish","type":"page","link":"https:\/\/isfdsrosa-lpa.infd.edu.ar\/sitio\/profesorado-de-educacion-primaria\/","title":{"rendered":"Profesorado de Educaci\u00f3n Primaria"},"content":{"rendered":"\n<p>\u00a0Es una carrera de nivel superior no universitario con una duraci\u00f3n de cuatro a\u00f1os.<\/p>\n\n\n\n<p>El t\u00edtulo tiene los siguientes alcances:<\/p>\n\n\n\n<ul>\n<li>Planificar, conducir y evaluar procesos de ense\u00f1anza aprendizaje en el Nivel Primario<\/li>\n\n\n\n<li>Proponer y elaborar proyectos educativos<\/li>\n\n\n\n<li>Participar en actividades de perfeccionamiento, capacitaci\u00f3n e investigaci\u00f3n.<\/li>\n\n\n\n<li>Participar en equipos institucionales que aborden las problem\u00e1ticas de ense\u00f1anza aprendizaje de los alumnos de Nivel Primario.<\/li>\n<\/ul>\n\n\n\n<p>El Instituto lleva a cabo estrategias de desarrollo profesional de la docencia, entendiendo al mismo como un proceso permanente, din\u00e1mico y evolutivo de la profesi\u00f3n y funci\u00f3n docente en el marco de una nueva cultura profesional. Ese ser\u00e1 el marco en el que los egresados del ISFD ser\u00e1n acompa\u00f1ados en su desarrollo profesional.<\/p>\n\n\n\n<ul>\n<li><\/li>\n\n\n\n<li><\/li>\n\n\n\n<li><\/li>\n\n\n\n<li><\/li>\n\n\n\n<li><\/li>\n<\/ul>\n","protected":false},"excerpt":{"rendered":"<p>\u00a0Es una carrera de nivel superior no universitario con una duraci\u00f3n de cuatro a\u00f1os. El t\u00edtulo tiene los siguientes alcances: El Instituto lleva a cabo estrategias de desarrollo profesional de la docencia, entendiendo al mismo como un proceso permanente, din\u00e1mico y evolutivo de la profesi\u00f3n y funci\u00f3n docente en el marco de una nueva cultura &#8230; <a title=\"Profesorado de Educaci\u00f3n Primaria\" class=\"read-more\" href=\"https:\/\/isfdsrosa-lpa.infd.edu.ar\/sitio\/profesorado-de-educacion-primaria\/\" aria-label=\"More on Profesorado de Educaci\u00f3n Primaria\">[+]<\/a><\/p>\n","protected":false},"author":7,"featured_media":0,"parent":0,"menu_order":0,"comment_status":"closed","ping_status":"closed","template":"","meta":[],"acf":[],"_links":{"self":[{"href":"https:\/\/isfdsrosa-lpa.infd.edu.ar\/sitio\/wp-json\/wp\/v2\/pages\/740"}],"collection":[{"href":"https:\/\/isfdsrosa-lpa.infd.edu.ar\/sitio\/wp-json\/wp\/v2\/pages"}],"about":[{"href":"https:\/\/isfdsrosa-lpa.infd.edu.ar\/sitio\/wp-json\/wp\/v2\/types\/page"}],"author":[{"embeddable":true,"href":"https:\/\/isfdsrosa-lpa.infd.edu.ar\/sitio\/wp-json\/wp\/v2\/users\/7"}],"replies":[{"embeddable":true,"href":"https:\/\/isfdsrosa-lpa.infd.edu.ar\/sitio\/wp-json\/wp\/v2\/comments?post=740"}],"version-history":[{"count":3,"href":"https:\/\/isfdsrosa-lpa.infd.edu.ar\/sitio\/wp-json\/wp\/v2\/pages\/740\/revisions"}],"predecessor-version":[{"id":1231,"href":"https:\/\/isfdsrosa-lpa.infd.edu.ar\/sitio\/wp-json\/wp\/v2\/pages\/740\/revisions\/1231"}],"wp:attachment":[{"href":"https:\/\/isfdsrosa-lpa.infd.edu.ar\/sitio\/wp-json\/wp\/v2\/media?parent=740"}],"curies":[{"name":"wp","href":"https:\/\/api.w.org\/{rel}","templated":true}]}}