{"id":286,"date":"2016-10-31T13:17:59","date_gmt":"2016-10-31T16:17:59","guid":{"rendered":"https:\/\/isfdsrosa-lpa.infd.edu.ar\/sitio\/?page_id=286"},"modified":"2025-12-23T21:29:29","modified_gmt":"2025-12-24T00:29:29","slug":"inicio","status":"publish","type":"page","link":"https:\/\/isfdsrosa-lpa.infd.edu.ar\/sitio\/","title":{"rendered":"Acerca del ISFD"},"content":{"rendered":"<p style=\"text-align: center;\"><img decoding=\"async\" loading=\"lazy\" class=\"alignnone  wp-image-1028\" src=\"https:\/\/isfdsrosa-lpa.infd.edu.ar\/sitio\/wp-content\/uploads\/2025\/08\/logo-ISFD-e1755608500655.png\" alt=\"ISFD Esc. Normal Santa Rosa\" width=\"547\" height=\"332\" \/><\/p>\n<h2 style=\"text-align: center;\">Instituto<strong> Superior de Formaci\u00f3n Docente<\/strong><\/h2>\n<p style=\"text-align: center;\"><strong>Avda. Belgrano Norte N\u00b0 96 (6300) \/ Santa Rosa &#8211; La Pampa \/ <\/strong><strong>TE. 02954-418020<\/strong><\/p>\n<p style=\"text-align: justify;\"><span style=\"font-size: 12pt;\"><em style=\"text-align: justify;\"><span style=\"font-family: verdana,geneva;\">Tributario de la tradici\u00f3n normalista, con miles de maestras y maestros egresadas\/os de sus aulas, el Instituto de Formaci\u00f3n Docente, Capacitaci\u00f3n e Investigaci\u00f3n de la Escuela Normal es asimismo un legado de la Ley 1420 que desde fines del siglo XIX ubic\u00f3 a la Rep\u00fablica Argentina en la mejor consideraci\u00f3n con respecto a su desarrollo educativo y que en 1909 se tradujo en la creaci\u00f3n de esta instituci\u00f3n.<\/span><\/em><\/span><\/p>\n<p style=\"text-align: justify;\"><span style=\"font-size: 12pt;\"><em><span style=\"font-family: verdana,geneva;\">Actualmente sigue formando a las maestras y maestros que pueblan las aulas de La Pampa y se apresta a enfrentar nuevos desaf\u00edos.<\/span><\/em><\/span><\/p>\n<div id=\"metaslider-id-403\" style=\"width: 100%;\" class=\"ml-slider-3-33-0 metaslider metaslider-flex metaslider-403 ml-slider ms-theme-default\" role=\"region\" aria-roledescription=\"Slideshow\" aria-label=\"Slideshow\">\n    <div id=\"metaslider_container_403\">\n        <div id=\"metaslider_403\" class=\"flexslider\">\n            <ul aria-live=\"polite\" class=\"slides\">\n                <li style=\"display: block; width: 100%;\" class=\"slide-607 ms-image\" aria-roledescription=\"slide\" aria-label=\"slide-607\"><a href=\"https:\/\/mapa.infd.edu.ar\/\" target=\"_blank\"><img src=\"https:\/\/isfdsrosa-lpa.infd.edu.ar\/sitio\/wp-content\/uploads\/2018\/06\/mapa_infd6-1100x200.png\" height=\"200\" width=\"1100\" alt=\"\" class=\"slider-403 slide-607\" title=\"mapa_infd6\" \/><\/a><\/li>\n                <li style=\"display: none; width: 100%;\" class=\"slide-609 ms-image\" aria-roledescription=\"slide\" aria-label=\"slide-609\"><a href=\"https:\/\/www.argentina.gob.ar\/educacion\/becas\" target=\"_blank\"><img src=\"https:\/\/isfdsrosa-lpa.infd.edu.ar\/sitio\/wp-content\/uploads\/2018\/06\/becas7-1100x200.png\" height=\"200\" width=\"1100\" alt=\"\" class=\"slider-403 slide-609\" title=\"becas7\" \/><\/a><\/li>\n                <li style=\"display: none; width: 100%;\" class=\"slide-635 ms-image\" aria-roledescription=\"slide\" aria-label=\"slide-635\"><a href=\"https:\/\/www.argentina.gob.ar\/tema\/estudiar\/formacion-docencia\" target=\"_blank\"><img src=\"https:\/\/isfdsrosa-lpa.infd.edu.ar\/sitio\/wp-content\/uploads\/2018\/06\/convocatorias_slide6-1-1100x200.png\" height=\"200\" width=\"1100\" alt=\"\" class=\"slider-403 slide-635\" title=\"convocatorias_slide6-1\" \/><\/a><\/li>\n            <\/ul>\n        <\/div>\n        \n    <\/div>\n<\/div>\n","protected":false},"excerpt":{"rendered":"<p>Instituto Superior de Formaci\u00f3n Docente Avda. Belgrano Norte N\u00b0 96 (6300) \/ Santa Rosa &#8211; La Pampa \/ TE. 02954-418020 Tributario de la tradici\u00f3n normalista, con miles de maestras y maestros egresadas\/os de sus aulas, el Instituto de Formaci\u00f3n Docente, Capacitaci\u00f3n e Investigaci\u00f3n de la Escuela Normal es asimismo un legado de la Ley 1420 &#8230; <a title=\"Acerca del ISFD\" class=\"read-more\" href=\"https:\/\/isfdsrosa-lpa.infd.edu.ar\/sitio\/\" aria-label=\"More on Acerca del ISFD\">[+]<\/a><\/p>\n","protected":false},"author":7,"featured_media":0,"parent":0,"menu_order":0,"comment_status":"closed","ping_status":"closed","template":"","meta":[],"acf":[],"_links":{"self":[{"href":"https:\/\/isfdsrosa-lpa.infd.edu.ar\/sitio\/wp-json\/wp\/v2\/pages\/286"}],"collection":[{"href":"https:\/\/isfdsrosa-lpa.infd.edu.ar\/sitio\/wp-json\/wp\/v2\/pages"}],"about":[{"href":"https:\/\/isfdsrosa-lpa.infd.edu.ar\/sitio\/wp-json\/wp\/v2\/types\/page"}],"author":[{"embeddable":true,"href":"https:\/\/isfdsrosa-lpa.infd.edu.ar\/sitio\/wp-json\/wp\/v2\/users\/7"}],"replies":[{"embeddable":true,"href":"https:\/\/isfdsrosa-lpa.infd.edu.ar\/sitio\/wp-json\/wp\/v2\/comments?post=286"}],"version-history":[{"count":120,"href":"https:\/\/isfdsrosa-lpa.infd.edu.ar\/sitio\/wp-json\/wp\/v2\/pages\/286\/revisions"}],"predecessor-version":[{"id":1352,"href":"https:\/\/isfdsrosa-lpa.infd.edu.ar\/sitio\/wp-json\/wp\/v2\/pages\/286\/revisions\/1352"}],"wp:attachment":[{"href":"https:\/\/isfdsrosa-lpa.infd.edu.ar\/sitio\/wp-json\/wp\/v2\/media?parent=286"}],"curies":[{"name":"wp","href":"https:\/\/api.w.org\/{rel}","templated":true}]}}