{"id":1303,"date":"2025-11-20T21:24:31","date_gmt":"2025-11-21T00:24:31","guid":{"rendered":"https:\/\/isfdsrosa-lpa.infd.edu.ar\/sitio\/?page_id=1303"},"modified":"2025-12-04T21:54:30","modified_gmt":"2025-12-05T00:54:30","slug":"normativa-y-planes-de-estudio-profesorado-ensenanza-primaria-y-profesorado-ensenanza-inicial-plan-2009","status":"publish","type":"page","link":"https:\/\/isfdsrosa-lpa.infd.edu.ar\/sitio\/normativa-y-planes-de-estudio-profesorado-ensenanza-primaria-y-profesorado-ensenanza-inicial-plan-2009\/","title":{"rendered":"Normativa del Profesorado Ense\u00f1anza Primaria y Profesorado Ense\u00f1anza Inicial Plan 2009"},"content":{"rendered":"\n<p><a href=\"https:\/\/isfdsrosa-lpa.infd.edu.ar\/sitio\/wp-content\/uploads\/2025\/11\/1_PLAN_DE_ESTUDIOS_PEI_R._M._N_1132-09_1.pdf\" target=\"_blank\" rel=\"noreferrer noopener\">Plan de Estudios Profesorado de Educaci\u00f3n Inicial RM MCyE N\u00ba 1132\/09<\/a><\/p>\n\n\n\n<p><a href=\"https:\/\/isfdsrosa-lpa.infd.edu.ar\/sitio\/wp-content\/uploads\/2025\/11\/3_PLAN_DE_ESTUDIOS_PEP_R._M._N_1971-09_1.pdf\" target=\"_blank\" rel=\"noreferrer noopener\">Plan de Estudios Profesorado de Educaci\u00f3n Primaria RM MCyE N\u00ba 1971\/09<\/a><\/p>\n\n\n\n<p><a href=\"https:\/\/isfdsrosa-lpa.infd.edu.ar\/sitio\/wp-content\/uploads\/2025\/11\/mce_resolucion_2009_1132.pdf\" target=\"_blank\" rel=\"noreferrer noopener\">Apru\u00e9base Dise\u00f1o Curricular Profesorado Educaci\u00f3n Inicial RM N\u00b0 1132\/09<\/a><\/p>\n\n\n\n<p><a href=\"https:\/\/isfdsrosa-lpa.infd.edu.ar\/sitio\/wp-content\/uploads\/2025\/11\/mce_resolucion_2009_1971.pdf\" target=\"_blank\" rel=\"noreferrer noopener\">Apru\u00e9base Dise\u00f1o Curricular Profesorado Educaci\u00f3n Primaria RM N\u00b0 1971\/09<\/a><\/p>\n","protected":false},"excerpt":{"rendered":"<p>Plan de Estudios Profesorado de Educaci\u00f3n Inicial RM MCyE N\u00ba 1132\/09 Plan de Estudios Profesorado de Educaci\u00f3n Primaria RM MCyE N\u00ba 1971\/09 Apru\u00e9base Dise\u00f1o Curricular Profesorado Educaci\u00f3n Inicial RM N\u00b0 1132\/09 Apru\u00e9base Dise\u00f1o Curricular Profesorado Educaci\u00f3n Primaria RM N\u00b0 1971\/09<\/p>\n","protected":false},"author":951,"featured_media":0,"parent":0,"menu_order":0,"comment_status":"closed","ping_status":"closed","template":"","meta":[],"acf":[],"_links":{"self":[{"href":"https:\/\/isfdsrosa-lpa.infd.edu.ar\/sitio\/wp-json\/wp\/v2\/pages\/1303"}],"collection":[{"href":"https:\/\/isfdsrosa-lpa.infd.edu.ar\/sitio\/wp-json\/wp\/v2\/pages"}],"about":[{"href":"https:\/\/isfdsrosa-lpa.infd.edu.ar\/sitio\/wp-json\/wp\/v2\/types\/page"}],"author":[{"embeddable":true,"href":"https:\/\/isfdsrosa-lpa.infd.edu.ar\/sitio\/wp-json\/wp\/v2\/users\/951"}],"replies":[{"embeddable":true,"href":"https:\/\/isfdsrosa-lpa.infd.edu.ar\/sitio\/wp-json\/wp\/v2\/comments?post=1303"}],"version-history":[{"count":3,"href":"https:\/\/isfdsrosa-lpa.infd.edu.ar\/sitio\/wp-json\/wp\/v2\/pages\/1303\/revisions"}],"predecessor-version":[{"id":1323,"href":"https:\/\/isfdsrosa-lpa.infd.edu.ar\/sitio\/wp-json\/wp\/v2\/pages\/1303\/revisions\/1323"}],"wp:attachment":[{"href":"https:\/\/isfdsrosa-lpa.infd.edu.ar\/sitio\/wp-json\/wp\/v2\/media?parent=1303"}],"curies":[{"name":"wp","href":"https:\/\/api.w.org\/{rel}","templated":true}]}}