{"id":1262,"date":"2025-11-18T21:31:46","date_gmt":"2025-11-19T00:31:46","guid":{"rendered":"https:\/\/isfdsrosa-lpa.infd.edu.ar\/sitio\/?page_id=1262"},"modified":"2025-11-20T21:17:27","modified_gmt":"2025-11-21T00:17:27","slug":"normativa-especializaciones-de-nivel-superior","status":"publish","type":"page","link":"https:\/\/isfdsrosa-lpa.infd.edu.ar\/sitio\/normativa-especializaciones-de-nivel-superior\/","title":{"rendered":"Normativa Especializaciones de Nivel Superior"},"content":{"rendered":"\n<p><a rel=\"noreferrer noopener\" href=\"https:\/\/isfdsrosa-lpa.infd.edu.ar\/sitio\/wp-content\/uploads\/2025\/11\/RES_MIN_227_15_Matematica_en_la_EP.pdf\" target=\"_blank\">Aprobar Post\u00edtulo &#8216;Especializaci\u00f3n Docente de Nivel Superior en Ense\u00f1anza de la Matem\u00e1tica en la Escuela Primaria&#8217; RM N\u00b0227\/15<\/a><\/p>\n\n\n\n<p><a rel=\"noreferrer noopener\" href=\"https:\/\/isfdsrosa-lpa.infd.edu.ar\/sitio\/wp-content\/uploads\/2025\/11\/RES_MIN_856_2012_Educacion_y_TIC.pdf\" target=\"_blank\">Aprobar Post\u00edtulo &#8216;Especializaci\u00f3n docente de nivel superior en educaci\u00f3n y TIC&#8217; RM N\u00b0856\/12<\/a><\/p>\n\n\n\n<p><a rel=\"noreferrer noopener\" href=\"https:\/\/isfdsrosa-lpa.infd.edu.ar\/sitio\/wp-content\/uploads\/2025\/11\/RES_MIN_892_14_Ed._Primaria_y_TIC.pdf\" target=\"_blank\">Aprobar Post\u00edtulo &#8216;Especializaci\u00f3n docente de nivel superior en educaci\u00f3n primaria y TIC&#8217; RM N\u00b0892\/14<\/a><\/p>\n\n\n\n<p><a rel=\"noreferrer noopener\" href=\"https:\/\/isfdsrosa-lpa.infd.edu.ar\/sitio\/wp-content\/uploads\/2025\/11\/RES_MIN_1977_14_Escritura_y_Literatura.pdf\" target=\"_blank\">Aprobar Post\u00edtulo &#8216;Especializaci\u00f3n Docente de Nivel Superior en Escritura y Literatura&#8217; RM N\u00b01977\/14<\/a><\/p>\n\n\n\n<p><a rel=\"noreferrer noopener\" href=\"https:\/\/isfdsrosa-lpa.infd.edu.ar\/sitio\/wp-content\/uploads\/2025\/11\/RES_MIN_1978_14_Alfabetizacion_Inicial.pdf\" target=\"_blank\">Aprobar Post\u00edtulo &#8216;Especializaci\u00f3n Docente de Nivel Superior en Alfabetizaci\u00f3n Inicial&#8217; RM N\u00b01978\/14<\/a><\/p>\n\n\n\n<p><a rel=\"noreferrer noopener\" href=\"https:\/\/isfdsrosa-lpa.infd.edu.ar\/sitio\/wp-content\/uploads\/2025\/11\/RES_MIN_2373_15_Cs._Sociales_en_la_EP.pdf\" target=\"_blank\">Aprobar Post\u00edtulo &#8216;Especializaci\u00f3n Docente de Nivel Superior en Ense\u00f1anza de Ciencias Sociales en Escuela Primaria&#8217; RM N\u00b02373\/15<\/a><\/p>\n\n\n\n<p><a rel=\"noreferrer noopener\" href=\"https:\/\/isfdsrosa-lpa.infd.edu.ar\/sitio\/wp-content\/uploads\/2025\/11\/RES_MIN_2406_15_Educacion_Maternal.pdf\" target=\"_blank\">Aprobar Post\u00edtulo &#8216;Especializaci\u00f3n Docente de Nivel Superior en Educaci\u00f3n Maternal&#8217; RM N\u00b02406\/15<\/a><\/p>\n","protected":false},"excerpt":{"rendered":"<p>Aprobar Post\u00edtulo &#8216;Especializaci\u00f3n Docente de Nivel Superior en Ense\u00f1anza de la Matem\u00e1tica en la Escuela Primaria&#8217; RM N\u00b0227\/15 Aprobar Post\u00edtulo &#8216;Especializaci\u00f3n docente de nivel superior en educaci\u00f3n y TIC&#8217; RM N\u00b0856\/12 Aprobar Post\u00edtulo &#8216;Especializaci\u00f3n docente de nivel superior en educaci\u00f3n primaria y TIC&#8217; RM N\u00b0892\/14 Aprobar Post\u00edtulo &#8216;Especializaci\u00f3n Docente de Nivel Superior en Escritura y &#8230; <a title=\"Normativa Especializaciones de Nivel Superior\" class=\"read-more\" href=\"https:\/\/isfdsrosa-lpa.infd.edu.ar\/sitio\/normativa-especializaciones-de-nivel-superior\/\" aria-label=\"More on Normativa Especializaciones de Nivel Superior\">[+]<\/a><\/p>\n","protected":false},"author":951,"featured_media":0,"parent":0,"menu_order":0,"comment_status":"closed","ping_status":"closed","template":"","meta":[],"acf":[],"_links":{"self":[{"href":"https:\/\/isfdsrosa-lpa.infd.edu.ar\/sitio\/wp-json\/wp\/v2\/pages\/1262"}],"collection":[{"href":"https:\/\/isfdsrosa-lpa.infd.edu.ar\/sitio\/wp-json\/wp\/v2\/pages"}],"about":[{"href":"https:\/\/isfdsrosa-lpa.infd.edu.ar\/sitio\/wp-json\/wp\/v2\/types\/page"}],"author":[{"embeddable":true,"href":"https:\/\/isfdsrosa-lpa.infd.edu.ar\/sitio\/wp-json\/wp\/v2\/users\/951"}],"replies":[{"embeddable":true,"href":"https:\/\/isfdsrosa-lpa.infd.edu.ar\/sitio\/wp-json\/wp\/v2\/comments?post=1262"}],"version-history":[{"count":5,"href":"https:\/\/isfdsrosa-lpa.infd.edu.ar\/sitio\/wp-json\/wp\/v2\/pages\/1262\/revisions"}],"predecessor-version":[{"id":1302,"href":"https:\/\/isfdsrosa-lpa.infd.edu.ar\/sitio\/wp-json\/wp\/v2\/pages\/1262\/revisions\/1302"}],"wp:attachment":[{"href":"https:\/\/isfdsrosa-lpa.infd.edu.ar\/sitio\/wp-json\/wp\/v2\/media?parent=1262"}],"curies":[{"name":"wp","href":"https:\/\/api.w.org\/{rel}","templated":true}]}}