{"id":1238,"date":"2025-11-13T21:35:19","date_gmt":"2025-11-14T00:35:19","guid":{"rendered":"https:\/\/isfdsrosa-lpa.infd.edu.ar\/sitio\/?page_id=1238"},"modified":"2025-12-23T21:04:14","modified_gmt":"2025-12-24T00:04:14","slug":"oferta-academica","status":"publish","type":"page","link":"https:\/\/isfdsrosa-lpa.infd.edu.ar\/sitio\/oferta-academica\/","title":{"rendered":"Informaci\u00f3n de Carreras"},"content":{"rendered":"\n<p><a rel=\"noreferrer noopener\" href=\"https:\/\/isfdsrosa-lpa.infd.edu.ar\/sitio\/wp-content\/uploads\/2025\/11\/2_PLAN_DE_ESTUDIOS_PEI_R.M._N_1131-15_4.pdf\" target=\"_blank\">Plan de Estudios del Profesorado de Educaci\u00f3n Inicial<\/a><\/p>\n\n\n\n<p><a rel=\"noreferrer noopener\" href=\"https:\/\/isfdsrosa-lpa.infd.edu.ar\/sitio\/wp-content\/uploads\/2025\/11\/4_PLAN_DE_ESTUDIOS_PEP_R.M._N_1169-15_1.pdf\" target=\"_blank\">Plan de Estudios del Profesorado de Educaci\u00f3n Primaria<\/a><\/p>\n\n\n\n<p><a rel=\"noreferrer noopener\" href=\"https:\/\/isfdsrosa-lpa.infd.edu.ar\/sitio\/wp-content\/uploads\/2025\/12\/mce_educacion_inicial_2015.pdf\" target=\"_blank\">Dise\u00f1o Curricular del Profesorado de Educaci\u00f3n Inicial<\/a><\/p>\n\n\n\n<p><a href=\"https:\/\/isfdsrosa-lpa.infd.edu.ar\/sitio\/wp-content\/uploads\/2025\/12\/mce_profesorado_ed_primaria_2015.pdf\" target=\"_blank\" rel=\"noreferrer noopener\">Dise\u00f1o Curricular del Profesorado de Educaci\u00f3n Primaria<\/a><\/p>\n","protected":false},"excerpt":{"rendered":"<p>Plan de Estudios del Profesorado de Educaci\u00f3n Inicial Plan de Estudios del Profesorado de Educaci\u00f3n Primaria Dise\u00f1o Curricular del Profesorado de Educaci\u00f3n Inicial Dise\u00f1o Curricular del Profesorado de Educaci\u00f3n Primaria<\/p>\n","protected":false},"author":951,"featured_media":0,"parent":0,"menu_order":0,"comment_status":"closed","ping_status":"closed","template":"","meta":[],"acf":[],"_links":{"self":[{"href":"https:\/\/isfdsrosa-lpa.infd.edu.ar\/sitio\/wp-json\/wp\/v2\/pages\/1238"}],"collection":[{"href":"https:\/\/isfdsrosa-lpa.infd.edu.ar\/sitio\/wp-json\/wp\/v2\/pages"}],"about":[{"href":"https:\/\/isfdsrosa-lpa.infd.edu.ar\/sitio\/wp-json\/wp\/v2\/types\/page"}],"author":[{"embeddable":true,"href":"https:\/\/isfdsrosa-lpa.infd.edu.ar\/sitio\/wp-json\/wp\/v2\/users\/951"}],"replies":[{"embeddable":true,"href":"https:\/\/isfdsrosa-lpa.infd.edu.ar\/sitio\/wp-json\/wp\/v2\/comments?post=1238"}],"version-history":[{"count":7,"href":"https:\/\/isfdsrosa-lpa.infd.edu.ar\/sitio\/wp-json\/wp\/v2\/pages\/1238\/revisions"}],"predecessor-version":[{"id":1340,"href":"https:\/\/isfdsrosa-lpa.infd.edu.ar\/sitio\/wp-json\/wp\/v2\/pages\/1238\/revisions\/1340"}],"wp:attachment":[{"href":"https:\/\/isfdsrosa-lpa.infd.edu.ar\/sitio\/wp-json\/wp\/v2\/media?parent=1238"}],"curies":[{"name":"wp","href":"https:\/\/api.w.org\/{rel}","templated":true}]}}