{"id":1185,"date":"2025-11-05T19:20:41","date_gmt":"2025-11-05T22:20:41","guid":{"rendered":"https:\/\/isfdsrosa-lpa.infd.edu.ar\/sitio\/?page_id=1185"},"modified":"2025-12-09T19:27:41","modified_gmt":"2025-12-09T22:27:41","slug":"acuerdos-pedagogicos-institucionales-del-isfd-escuela-normal","status":"publish","type":"page","link":"https:\/\/isfdsrosa-lpa.infd.edu.ar\/sitio\/proyectos\/acuerdos-pedagogicos-institucionales-del-isfd-escuela-normal\/","title":{"rendered":"Acuerdos pedag\u00f3gicos institucionales del ISFD Escuela Normal"},"content":{"rendered":"\n<h4 class=\"wp-block-heading has-accent-color has-text-color\"><strong>\u00bfQu\u00e9 es un acuerdo pedag\u00f3gico institucional?<\/strong><\/h4>\n\n\n<div class=\"wp-block-image is-style-rounded\">\n<figure class=\"aligncenter size-full is-resized\"><img decoding=\"async\" loading=\"lazy\" src=\"https:\/\/isfdsrosa-lpa.infd.edu.ar\/sitio\/wp-content\/uploads\/2025\/11\/acuerdos.png\" alt=\"\" class=\"wp-image-1187\" width=\"206\" height=\"191\"\/><\/figure><\/div>\n\n\n<p class=\"has-pale-ocean-gradient-background has-background\"><br>Los acuerdos pedag\u00f3gicos institucionales surgen de discusiones sostenidas, respecto a los<br>problemas de ense\u00f1anza que se hacen visibles, a medida que transcurre el trabajo docente. Se trata de<br>decidir, de manera colectiva e institucional, c\u00f3mo seguir, frente a la presencia de alguna problem\u00e1tica,<br>pregunta o expectativa que se percibe a nivel institucional, y preocupa, tanto a docentes como<br>estudiantes. En este caso, como instituci\u00f3n formadora de formadores, nos referimos a: \u201cla alfabetizaci\u00f3n<br>como eje transversal, en el Nivel Superior, no universitario\u201d.<\/p>\n\n\n\n<p class=\"has-pale-ocean-gradient-background has-background\">Para dar respuesta a este interrogante, se elaboraron, en las Jornadas Institucionales del Ciclo<br>lectivo 2024, una serie de Acuerdos Institucionales sobre Alfabetizaci\u00f3n que fueron producto del trabajo<br>colaborativo de las y los docentes de nuestra instituci\u00f3n. Esos acuerdos, que tienen el car\u00e1cter de<br>obligatorio, fueron socializados a los estudiantes ingresantes y docentes n\u00f3veles en 2025, y se<br>implementaron durante el presente a\u00f1o.<\/p>\n\n\n\n<p class=\"has-pale-ocean-gradient-background has-background\">A partir de esta propuesta conjunta recuperamos lo dicho por Terigi (2022), respecto del car\u00e1cter<br>institucional de la ense\u00f1anza la que, no solo debe considerarse, un problema did\u00e1ctico, sino un problema<br>pol\u00edtico. Es decir, desde lo institucional, se asume la responsabilidad social de que todos los que asisten<br>a los distintos niveles educativos, en calidad de alumnas\/os alcancen las metas educativas que se<br>consideran valiosas para el conjunto de la poblaci\u00f3n. En este sentido, rescatar el concepto de<br>\u201ctrayectoria\u201d es fundamental. Seg\u00fan Terigi (2010)&nbsp;y&nbsp; Briscioli (2017) , este concepto, se &nbsp;introduce para<br>abordar los recorridos de los sujetos por las instituciones escolares, a trav\u00e9s del tiempo y en<br>interdependencia con las diferentes esferas de sus vidas. Desde esta mirada pensamos la trama de<br>acuerdos did\u00e1cticos, en base a las trayectorias de ense\u00f1anza, que acompa\u00f1an los diversos recorridos de<br>las y los estudiantes, desde una perspectiva institucional.<\/p>\n\n\n\n<p class=\"has-pale-ocean-gradient-background has-background\">As\u00ed, la elaboraci\u00f3n de acuerdos, en nuestra instituci\u00f3n, tiene como base dos puntales: lo colectivo,<br>es decir la ense\u00f1anza es vista como un problema pol\u00edtico institucional, no indivicual; y por otro la \u201cbuena<br>ense\u00f1anza\u201d. Seg\u00fan Fenstemacher, G.(1989) el adjetivo \u201cbuena\u201d no es sin\u00f3nimo de \u201ccon \u00e9xito\u201d. Por el<br>contrario la palabra \u201cbuena\u201d tiene tanto fuerza moral como epistemol\u00f3gica. Preguntar que es \u201cbuena<br>ense\u00f1anza\u201d en el sentido moral equivale a preguntar qu\u00e9 acciones docentes, basadas en principios<br>morales pueden justificarse y son capaces de provocar acciones de este tipo de parte de los<br>estudiantes. Preguntar por qu\u00e9 es buena ense\u00f1anza en el sentido epistemol\u00f3gico significa indagar si lo<br>que se ense\u00f1a es racionalmente justificable y, en \u00faltima instancia digno de que el estudiante lo conozca,<br>lo crea o lo entienda\u201d<\/p>\n\n\n\n<div class=\"wp-block-buttons is-layout-flex\">\n<div class=\"wp-block-button has-custom-width wp-block-button__width-25 has-custom-font-size has-medium-font-size\"><a class=\"wp-block-button__link has-accent-background-color has-background wp-element-button\" href=\"https:\/\/docs.google.com\/document\/d\/1l62FBrSyfmtT-Otyl0oh83t3vtkAdJJj\/edit?usp=sharing&amp;ouid=115815450959313103263&amp;rtpof=true&amp;sd=true\" style=\"border-radius:38px\">Acuerdos<\/a><\/div>\n<\/div>\n","protected":false},"excerpt":{"rendered":"<p>\u00bfQu\u00e9 es un acuerdo pedag\u00f3gico institucional? Los acuerdos pedag\u00f3gicos institucionales surgen de discusiones sostenidas, respecto a losproblemas de ense\u00f1anza que se hacen visibles, a medida que transcurre el trabajo docente. Se trata dedecidir, de manera colectiva e institucional, c\u00f3mo seguir, frente a la presencia de alguna problem\u00e1tica,pregunta o expectativa que se percibe a nivel institucional, &#8230; <a title=\"Acuerdos pedag\u00f3gicos institucionales del ISFD Escuela Normal\" class=\"read-more\" href=\"https:\/\/isfdsrosa-lpa.infd.edu.ar\/sitio\/proyectos\/acuerdos-pedagogicos-institucionales-del-isfd-escuela-normal\/\" aria-label=\"More on Acuerdos pedag\u00f3gicos institucionales del ISFD Escuela Normal\">[+]<\/a><\/p>\n","protected":false},"author":4,"featured_media":0,"parent":1097,"menu_order":2,"comment_status":"closed","ping_status":"closed","template":"","meta":[],"acf":[],"_links":{"self":[{"href":"https:\/\/isfdsrosa-lpa.infd.edu.ar\/sitio\/wp-json\/wp\/v2\/pages\/1185"}],"collection":[{"href":"https:\/\/isfdsrosa-lpa.infd.edu.ar\/sitio\/wp-json\/wp\/v2\/pages"}],"about":[{"href":"https:\/\/isfdsrosa-lpa.infd.edu.ar\/sitio\/wp-json\/wp\/v2\/types\/page"}],"author":[{"embeddable":true,"href":"https:\/\/isfdsrosa-lpa.infd.edu.ar\/sitio\/wp-json\/wp\/v2\/users\/4"}],"replies":[{"embeddable":true,"href":"https:\/\/isfdsrosa-lpa.infd.edu.ar\/sitio\/wp-json\/wp\/v2\/comments?post=1185"}],"version-history":[{"count":5,"href":"https:\/\/isfdsrosa-lpa.infd.edu.ar\/sitio\/wp-json\/wp\/v2\/pages\/1185\/revisions"}],"predecessor-version":[{"id":1331,"href":"https:\/\/isfdsrosa-lpa.infd.edu.ar\/sitio\/wp-json\/wp\/v2\/pages\/1185\/revisions\/1331"}],"up":[{"embeddable":true,"href":"https:\/\/isfdsrosa-lpa.infd.edu.ar\/sitio\/wp-json\/wp\/v2\/pages\/1097"}],"wp:attachment":[{"href":"https:\/\/isfdsrosa-lpa.infd.edu.ar\/sitio\/wp-json\/wp\/v2\/media?parent=1185"}],"curies":[{"name":"wp","href":"https:\/\/api.w.org\/{rel}","templated":true}]}}